{"id":4335,"date":"2020-12-09T09:18:56","date_gmt":"2020-12-09T08:18:56","guid":{"rendered":"http:\/\/shop.baumhauer-partyservice.de\/?page_id=4335"},"modified":"2021-03-02T22:24:20","modified_gmt":"2021-03-02T21:24:20","slug":"start","status":"publish","type":"page","link":"http:\/\/shop.baumhauer-partyservice.de\/","title":{"rendered":"Start"},"content":{"rendered":"<div>\n<p style=\"text-align: center;\"><span style=\"color: #800000;\">Willkommen bei unserem Onlineshop.<\/span><\/p>\n<p style=\"text-align: center;\">Wir haben es uns zur Aufgabe gemacht, nur Produkte mit h\u00f6chsten Qualit\u00e4tsstandards zu produzieren. Alle Produkte, die Sie in unserem Onlineshop finden, stammen aus eigener Herstellung. \u00a0Unsere landwirtschaftlichen Erzeuger sind \u00fcberwiegend kleine b\u00e4uerliche Familienbetriebe aus unserer Region, die ihren Beruf mit der gleichen Leidenschaft aus\u00fcben wie wir \u2013 und das schmeckt man.<\/p>\n<\/div>\n<ul>\n<li>\n<p>        <a href=\"https:\/\/shop.baumhauer-partyservice.de\/produkt-kategorie\/dosen\"><img decoding=\"async\" src=\"\/wp-content\/uploads\/2020\/12\/Rind-scaled.jpg\" alt=\"\"><\/a><\/p>\n<h4>Rind<\/h4>\n<\/li>\n<li>\n<p>        <a href=\"https:\/\/shop.baumhauer-partyservice.de\/produkt-kategorie\/schwein\"><img decoding=\"async\" src=\"\/wp-content\/uploads\/2020\/12\/Schwein-scaled.jpg\" alt=\"\"><\/a><\/p>\n<h4>Schwein<\/h4>\n<\/li>\n<li>\n<p>        <a href=\"https:\/\/shop.baumhauer-partyservice.de\/produkt-kategorie\/sets\"><img decoding=\"async\" src=\"\/wp-content\/uploads\/2020\/12\/Wild-scaled.jpg\" alt=\"\"><\/a><\/p>\n<h4>Wild<\/h4>\n<\/li>\n<\/ul>\n<ul>\n<li>\n<p>        <a href=\"https:\/\/shop.baumhauer-partyservice.de\/produkt-kategorie\/dosen\"><img decoding=\"async\" src=\"\/wp-content\/uploads\/2020\/12\/Rauchfleisch-scaled.jpg\" alt=\"\"><\/a><\/p>\n<h4>Rauchfleisch<\/h4>\n<\/li>\n<li>\n<p>        <a href=\"https:\/\/shop.baumhauer-partyservice.de\/produkt-kategorie\/schwein\"><img decoding=\"async\" src=\"\/wp-content\/uploads\/2020\/12\/Dosen-scaled.jpg\" alt=\"\"><\/a><\/p>\n<h4>Dosen<\/h4>\n<\/li>\n<li>\n<p>        <a href=\"https:\/\/shop.baumhauer-partyservice.de\/produkt-kategorie\/sets\"><img decoding=\"async\" src=\"\/wp-content\/uploads\/2020\/12\/Geschenk-Sets-1-scaled.jpg\" alt=\"\"><\/a><\/p>\n<h4>Sets<\/h4>\n<\/li>\n<\/ul>\n<div>\n<p style=\"text-align: center;\"><span style=\"color: #800000;\">Baumhauer \u2013 Ihre Metzgerei &amp; Partyservice<\/span><\/p>\n<p style=\"text-align: center;\">Entdecken Sie unsere Angebote aus der Frischetheke und unsere wechselnden Tagesmen\u00fcs f\u00fcr sich.<\/p>\n<\/div>\n<ul>\n<li>\n<p>        <img decoding=\"async\" src=\"\/wp-content\/uploads\/2021\/03\/Frischetheke-NEU.jpg\" alt=\"\"><\/p>\n<h4>Frischetheke<\/h4>\n<p>Angebote<\/p>\n<div>\n<p><a class=\"el-link uk-button uk-button-primary\" href=\"https:\/\/baumhauer-partyservice.de\/wochen-angebote\/\" target=\"_blank\" rel=\"noopener\">JETZT ST\u00d6BERN<\/a><\/p>\n<\/div>\n<\/li>\n<li>\n<p>        <img decoding=\"async\" src=\"\/wp-content\/uploads\/2021\/03\/Tagesessen-NEU.jpg\" alt=\"\"><\/p>\n<h4>Tagesessen<\/h4>\n<p>Angebote<\/p>\n<div>\n<p><a class=\"el-link uk-button uk-button-primary\" href=\"https:\/\/baumhauer-partyservice.de\/tagesessen-wochenkarte\/\" target=\"_blank\" rel=\"noopener\">JETZT ENTDECKEN<\/a><\/p>\n<\/div>\n<\/li>\n<li>\n<p>        <img decoding=\"async\" src=\"\/wp-content\/uploads\/2021\/03\/Partyservice-NEU.jpg\" alt=\"\"><\/p>\n<h4>Partyservice<\/h4>\n<p>Angebote<\/p>\n<div>\n<p><a class=\"el-link uk-button uk-button-primary\" href=\"https:\/\/baumhauer-partyservice.de\/corporate-events\/\" target=\"_blank\" rel=\"noopener\">JETZT ENTDECKEN<\/a><\/p>\n<\/div>\n<\/li>\n<\/ul>\n<p><!-- {\"name\":\"Home\",\"type\":\"layout\",\"children\":[{\"name\":\"Services\",\"type\":\"section\",\"props\":{\"style\":\"default\",\"width\":\"\",\"vertical_align\":\"middle\",\"title_position\":\"top-left\",\"title_rotation\":\"left\",\"title_breakpoint\":\"xl\",\"image_position\":\"center-center\",\"padding_remove_top\":false,\"padding_remove_bottom\":true,\"animation_delay\":false},\"children\":[{\"name\":\"\",\"type\":\"row\",\"props\":{\"match\":false,\"margin_remove_bottom\":false,\"margin_remove_top\":false,\"column_gap\":\"small\",\"row_gap\":\"small\"},\"children\":[{\"name\":\"\",\"type\":\"column\",\"props\":{\"image_position\":\"center-center\",\"vertical_align\":\"middle\",\"media_overlay_gradient\":\"\",\"width_medium\":\"\"},\"children\":[{\"type\":\"text\",\"props\":{\"margin\":\"default\",\"column_breakpoint\":\"m\",\"content\":\"\n\n<p style=\\\"text-align: center;\\\"><span style=\\\"color: #800000;\\\">Willkommen bei unserem Onlineshop.<\\\/span><\\\/p>\\n\n\n<p style=\\\"text-align: center;\\\">Wir haben es uns zur Aufgabe gemacht, nur Produkte mit h\\u00f6chsten Qualit\\u00e4tsstandards zu produzieren. Alle Produkte, die Sie in unserem Onlineshop finden, stammen aus eigener Herstellung. \\u00a0Unsere landwirtschaftlichen Erzeuger sind \\u00fcberwiegend kleine b\\u00e4uerliche Familienbetriebe aus unserer Region, die ihren Beruf mit der gleichen Leidenschaft aus\\u00fcben wie wir \\u2013 und das schmeckt man.<\\\/p>\",\"maxwidth\":\"2xlarge\",\"block_align\":\"center\"}},{\"name\":\"\",\"type\":\"gallery\",\"props\":{\"show_title\":true,\"show_meta\":true,\"show_content\":true,\"show_link\":true,\"show_hover_image\":true,\"grid_default\":\"1\",\"grid_medium\":\"3\",\"filter_style\":\"tab\",\"filter_all\":true,\"filter_position\":\"top\",\"filter_align\":\"left\",\"filter_grid_width\":\"auto\",\"overlay_mode\":\"caption\",\"overlay_position\":\"center\",\"overlay_transition\":\"fade\",\"title_element\":\"h4\",\"meta_style\":\"\",\"meta_align\":\"below-title\",\"text_align\":\"center\",\"margin\":\"\",\"grid_small\":\"2\",\"overlay_style\":\"overlay-primary\",\"text_color\":\"\",\"overlay_padding\":\"large\",\"overlay_margin\":\"large\",\"overlay_maxwidth\":\"large\",\"image_transition\":\"scale-up\",\"title_style\":\"h2\",\"item_animation\":\"none\",\"overlay_hover\":false,\"image_width\":\"850\",\"link_text\":\"\",\"link_style\":\"default\",\"grid_column_gap\":\"small\",\"grid_row_gap\":\"small\",\"filter_grid_breakpoint\":\"m\",\"overlay_link\":true,\"title_hover_style\":\"reset\",\"meta_element\":\"div\"},\"children\":[{\"name\":\"\",\"type\":\"gallery_item\",\"props\":{\"title\":\"Rind\",\"image\":\"wp-content\\\/uploads\\\/2020\\\/12\\\/Rind-scaled.jpg\",\"content\":\"\",\"link\":\"https:\\\/\\\/shop.baumhauer-partyservice.de\\\/produkt-kategorie\\\/dosen\",\"hover_image\":null}},{\"name\":\"\",\"type\":\"gallery_item\",\"props\":{\"title\":\"Schwein\",\"image\":\"wp-content\\\/uploads\\\/2020\\\/12\\\/Schwein-scaled.jpg\",\"content\":\"\",\"link\":\"https:\\\/\\\/shop.baumhauer-partyservice.de\\\/produkt-kategorie\\\/schwein\",\"hover_image\":null}},{\"name\":\"\",\"type\":\"gallery_item\",\"props\":{\"title\":\"Wild\",\"image\":\"wp-content\\\/uploads\\\/2020\\\/12\\\/Wild-scaled.jpg\",\"content\":\"\",\"link\":\"https:\\\/\\\/shop.baumhauer-partyservice.de\\\/produkt-kategorie\\\/sets\",\"hover_image\":null}}]}]}]},{\"name\":\"\",\"type\":\"row\",\"props\":{\"column_gap\":\"small\",\"row_gap\":\"small\"},\"children\":[{\"name\":\"\",\"type\":\"column\",\"props\":{\"image_position\":\"center-center\",\"media_overlay_gradient\":\"\",\"width_medium\":\"1-1\"},\"children\":[{\"name\":\"\",\"type\":\"gallery\",\"props\":{\"show_title\":true,\"show_meta\":true,\"show_content\":true,\"show_link\":true,\"show_hover_image\":true,\"grid_default\":\"1\",\"grid_medium\":\"3\",\"filter_style\":\"tab\",\"filter_all\":true,\"filter_position\":\"top\",\"filter_align\":\"left\",\"filter_grid_width\":\"auto\",\"overlay_mode\":\"caption\",\"overlay_position\":\"center\",\"overlay_transition\":\"fade\",\"title_element\":\"h4\",\"meta_style\":\"\",\"meta_align\":\"below-title\",\"text_align\":\"center\",\"margin\":\"\",\"grid_small\":\"2\",\"overlay_style\":\"overlay-primary\",\"text_color\":\"\",\"overlay_padding\":\"large\",\"overlay_margin\":\"large\",\"overlay_maxwidth\":\"large\",\"image_transition\":\"scale-up\",\"title_style\":\"h2\",\"item_animation\":\"none\",\"overlay_hover\":false,\"image_width\":\"850\",\"link_text\":\"\",\"link_style\":\"default\",\"grid_column_gap\":\"small\",\"grid_row_gap\":\"small\",\"filter_grid_breakpoint\":\"m\",\"overlay_link\":true,\"title_hover_style\":\"reset\",\"meta_element\":\"div\"},\"children\":[{\"name\":\"\",\"type\":\"gallery_item\",\"props\":{\"title\":\"Rauchfleisch\",\"image\":\"wp-content\\\/uploads\\\/2020\\\/12\\\/Rauchfleisch-scaled.jpg\",\"content\":\"\",\"link\":\"https:\\\/\\\/shop.baumhauer-partyservice.de\\\/produkt-kategorie\\\/dosen\",\"hover_image\":null}},{\"name\":\"\",\"type\":\"gallery_item\",\"props\":{\"title\":\"Dosen\",\"image\":\"wp-content\\\/uploads\\\/2020\\\/12\\\/Dosen-scaled.jpg\",\"content\":\"\",\"link\":\"https:\\\/\\\/shop.baumhauer-partyservice.de\\\/produkt-kategorie\\\/schwein\",\"hover_image\":null}},{\"name\":\"\",\"type\":\"gallery_item\",\"props\":{\"title\":\"Sets\",\"image\":\"wp-content\\\/uploads\\\/2020\\\/12\\\/Geschenk-Sets-1-scaled.jpg\",\"content\":\"\",\"link\":\"https:\\\/\\\/shop.baumhauer-partyservice.de\\\/produkt-kategorie\\\/sets\",\"hover_image\":null}}]}]}]}]},{\"type\":\"section\",\"props\":{\"style\":\"default\",\"width\":\"default\",\"vertical_align\":\"middle\",\"title_position\":\"top-left\",\"title_rotation\":\"left\",\"title_breakpoint\":\"xl\",\"image_position\":\"center-center\"},\"children\":[{\"type\":\"row\",\"children\":[{\"type\":\"column\",\"props\":{\"image_position\":\"center-center\",\"media_overlay_gradient\":\"\",\"width_medium\":\"\"},\"children\":[{\"type\":\"text\",\"props\":{\"margin\":\"default\",\"column_breakpoint\":\"m\",\"content\":\"\n\n<p style=\\\"text-align: center;\\\"><span style=\\\"color: #800000;\\\">Baumhauer \\u2013 Ihre Metzgerei &amp; Partyservice<\\\/span><\\\/p>\\n\n\n<p style=\\\"text-align: center;\\\">Entdecken Sie unsere Angebote aus der Frischetheke und unsere wechselnden Tagesmen\\u00fcs f\\u00fcr sich.<\\\/p>\"}},{\"name\":\"\",\"type\":\"gallery\",\"props\":{\"show_title\":true,\"show_meta\":true,\"show_content\":true,\"show_link\":true,\"show_hover_image\":true,\"grid_default\":\"1\",\"grid_medium\":\"3\",\"filter_style\":\"tab\",\"filter_all\":false,\"filter_position\":\"top\",\"filter_align\":\"left\",\"filter_grid_width\":\"auto\",\"overlay_mode\":\"cover\",\"overlay_position\":\"center\",\"overlay_transition\":\"fade\",\"title_element\":\"h4\",\"meta_style\":\"\",\"meta_align\":\"above-title\",\"text_align\":\"center\",\"margin\":\"\",\"grid_small\":\"2\",\"overlay_style\":\"overlay-default\",\"text_color\":\"\",\"overlay_padding\":\"small\",\"overlay_margin\":\"large\",\"overlay_maxwidth\":\"large\",\"image_transition\":\"scale-up\",\"title_style\":\"h3\",\"item_animation\":\"none\",\"overlay_hover\":false,\"image_width\":\"850\",\"link_text\":\"\",\"link_style\":\"default\",\"grid_column_gap\":\"large\",\"grid_row_gap\":\"small\",\"filter_grid_breakpoint\":\"m\",\"overlay_link\":true,\"title_hover_style\":\"reset\",\"meta_element\":\"div\",\"title_link\":true,\"title_margin\":\"remove\",\"link_target\":false,\"grid_divider\":false,\"grid_parallax\":\"\",\"filter\":false,\"image_hover_box_shadow\":\"medium\",\"css\":\".uk-overlay>:last-child {\\n    margin-bottom: -2rem;\\n}\\n\\n.uk-button-primary:focus, .uk-button-primary:hover {\\n    background-color: #700014;\\n    color: #fff;\\n    border-color: #700014;\\n}\"},\"children\":[{\"name\":\"\",\"type\":\"gallery_item\",\"props\":{\"title\":\"Frischetheke\",\"image\":\"wp-content\\\/uploads\\\/2021\\\/03\\\/Frischetheke-NEU.jpg\",\"content\":\"\n\n<p><a class=\\\"el-link uk-button uk-button-primary\\\" href=\\\"https:\\\/\\\/baumhauer-partyservice.de\\\/wochen-angebote\\\/\\\" target=\\\"_blank\\\" rel=\\\"noopener\\\">JETZT ST\\u00d6BERN<\\\/a><\\\/p>\",\"link\":\"\",\"hover_image\":\"\",\"meta\":\"Angebote\"}},{\"name\":\"\",\"type\":\"gallery_item\",\"props\":{\"title\":\"Tagesessen\",\"image\":\"wp-content\\\/uploads\\\/2021\\\/03\\\/Tagesessen-NEU.jpg\",\"content\":\"\n\n<p><a class=\\\"el-link uk-button uk-button-primary\\\" href=\\\"https:\\\/\\\/baumhauer-partyservice.de\\\/tagesessen-wochenkarte\\\/\\\" target=\\\"_blank\\\" rel=\\\"noopener\\\">JETZT ENTDECKEN<\\\/a><\\\/p>\",\"link\":\"\",\"hover_image\":null,\"meta\":\"Angebote\"}},{\"name\":\"\",\"type\":\"gallery_item\",\"props\":{\"title\":\"Partyservice\",\"image\":\"wp-content\\\/uploads\\\/2021\\\/03\\\/Partyservice-NEU.jpg\",\"content\":\"\n\n<p><a class=\\\"el-link uk-button uk-button-primary\\\" href=\\\"https:\\\/\\\/baumhauer-partyservice.de\\\/corporate-events\\\/\\\" target=\\\"_blank\\\" rel=\\\"noopener\\\">JETZT ENTDECKEN<\\\/a><\\\/p>\",\"link\":\"\",\"hover_image\":null,\"meta\":\"Angebote\"}}]}]}]}]}],\"version\":\"2.2.5\"} --><\/p>\n","protected":false},"excerpt":{"rendered":"<p>Willkommen bei unserem Onlineshop. Wir haben es uns zur Aufgabe gemacht, nur Produkte mit h\u00f6chsten Qualit\u00e4tsstandards zu produzieren. Alle Produkte, die Sie in unserem Onlineshop finden, stammen aus eigener Herstellung. \u00a0Unsere landwirtschaftlichen Erzeuger sind \u00fcberwiegend kleine b\u00e4uerliche Familienbetriebe aus unserer Region, die ihren Beruf mit der gleichen Leidenschaft aus\u00fcben wie wir \u2013 und das schmeckt [&hellip;]<\/p>\n","protected":false},"author":3,"featured_media":0,"parent":0,"menu_order":0,"comment_status":"closed","ping_status":"closed","template":"","meta":{"footnotes":""},"class_list":["post-4335","page","type-page","status-publish","hentry"],"_links":{"self":[{"href":"http:\/\/shop.baumhauer-partyservice.de\/index.php?rest_route=\/wp\/v2\/pages\/4335","targetHints":{"allow":["GET"]}}],"collection":[{"href":"http:\/\/shop.baumhauer-partyservice.de\/index.php?rest_route=\/wp\/v2\/pages"}],"about":[{"href":"http:\/\/shop.baumhauer-partyservice.de\/index.php?rest_route=\/wp\/v2\/types\/page"}],"author":[{"embeddable":true,"href":"http:\/\/shop.baumhauer-partyservice.de\/index.php?rest_route=\/wp\/v2\/users\/3"}],"replies":[{"embeddable":true,"href":"http:\/\/shop.baumhauer-partyservice.de\/index.php?rest_route=%2Fwp%2Fv2%2Fcomments&post=4335"}],"version-history":[{"count":68,"href":"http:\/\/shop.baumhauer-partyservice.de\/index.php?rest_route=\/wp\/v2\/pages\/4335\/revisions"}],"predecessor-version":[{"id":4552,"href":"http:\/\/shop.baumhauer-partyservice.de\/index.php?rest_route=\/wp\/v2\/pages\/4335\/revisions\/4552"}],"wp:attachment":[{"href":"http:\/\/shop.baumhauer-partyservice.de\/index.php?rest_route=%2Fwp%2Fv2%2Fmedia&parent=4335"}],"curies":[{"name":"wp","href":"https:\/\/api.w.org\/{rel}","templated":true}]}}