{"id":4315,"date":"2020-09-21T14:58:24","date_gmt":"2020-09-21T12:58:24","guid":{"rendered":"http:\/\/shop.baumhauer-partyservice.de\/?post_type=product&#038;p=4315"},"modified":"2021-03-02T20:59:06","modified_gmt":"2021-03-02T19:59:06","slug":"t-bone-steak","status":"publish","type":"product","link":"http:\/\/shop.baumhauer-partyservice.de\/?product=t-bone-steak","title":{"rendered":"T-Bone Steak"},"content":{"rendered":"<p><strong>T-Bone-Steak<\/strong><br \/>\nAuch der Name dieses Steaks stammt aus dem Englischen: der T-f\u00f6rmige Knochen, der Filet- und Roastbeef-Anteil trennt, gibt dem Teilst\u00fcck seinen Namen. Im Vergleich zum Porterhouse Steak ist hier der Filetanteil geringer und das gesamte Steak ist d\u00fcnner geschnitten als das Porterhouse.<\/p>\n<p><strong>Das perfekte Steak vom Grill<\/strong><br \/>\nDas T-Bone-Steak wird am besten medium gegart, d.h. mit einer Kerntemperatur von 56-59\u00b0C. Wichtig beim Steak zubereiten: Nach Erreichen der Kerntemperatur das Fleisch immer ein paar Minuten ruhen lassen. So wird ein Teil des Wassers wieder gebunden und man erh\u00e4lt als Ergebnis ein unglaublich saftiges und zartes Fleisch.<\/p>\n","protected":false},"excerpt":{"rendered":"<p>fein marmoriert, zart und mager, nat\u00fcrliche Ern\u00e4hrung mit Gr\u00e4sern und Kr\u00e4utern<\/p>\n","protected":false},"featured_media":4465,"comment_status":"closed","ping_status":"closed","template":"","meta":[],"product_brand":[],"product_cat":[17],"product_tag":[],"class_list":{"0":"post-4315","1":"product","2":"type-product","3":"status-publish","4":"has-post-thumbnail","6":"product_cat-rind","8":"first","9":"instock","10":"taxable","11":"shipping-taxable","12":"purchasable","13":"product-type-simple"},"_links":{"self":[{"href":"http:\/\/shop.baumhauer-partyservice.de\/index.php?rest_route=\/wp\/v2\/product\/4315","targetHints":{"allow":["GET"]}}],"collection":[{"href":"http:\/\/shop.baumhauer-partyservice.de\/index.php?rest_route=\/wp\/v2\/product"}],"about":[{"href":"http:\/\/shop.baumhauer-partyservice.de\/index.php?rest_route=\/wp\/v2\/types\/product"}],"replies":[{"embeddable":true,"href":"http:\/\/shop.baumhauer-partyservice.de\/index.php?rest_route=%2Fwp%2Fv2%2Fcomments&post=4315"}],"wp:featuredmedia":[{"embeddable":true,"href":"http:\/\/shop.baumhauer-partyservice.de\/index.php?rest_route=\/wp\/v2\/media\/4465"}],"wp:attachment":[{"href":"http:\/\/shop.baumhauer-partyservice.de\/index.php?rest_route=%2Fwp%2Fv2%2Fmedia&parent=4315"}],"wp:term":[{"taxonomy":"product_brand","embeddable":true,"href":"http:\/\/shop.baumhauer-partyservice.de\/index.php?rest_route=%2Fwp%2Fv2%2Fproduct_brand&post=4315"},{"taxonomy":"product_cat","embeddable":true,"href":"http:\/\/shop.baumhauer-partyservice.de\/index.php?rest_route=%2Fwp%2Fv2%2Fproduct_cat&post=4315"},{"taxonomy":"product_tag","embeddable":true,"href":"http:\/\/shop.baumhauer-partyservice.de\/index.php?rest_route=%2Fwp%2Fv2%2Fproduct_tag&post=4315"}],"curies":[{"name":"wp","href":"https:\/\/api.w.org\/{rel}","templated":true}]}}