{"id":4380,"date":"2020-12-12T17:35:51","date_gmt":"2020-12-12T16:35:51","guid":{"rendered":"http:\/\/shop.baumhauer-partyservice.de\/?post_type=product&#038;p=4380"},"modified":"2021-03-02T20:58:37","modified_gmt":"2021-03-02T19:58:37","slug":"porterhouse-steak","status":"publish","type":"product","link":"http:\/\/shop.baumhauer-partyservice.de\/?product=porterhouse-steak","title":{"rendered":"Porterhouse Steak"},"content":{"rendered":"<p><strong>Porterhouse-Steak<\/strong><br \/>\nWarum eigentlich \u201ePorterhouse Steak\u201c? Der Name entstand im sp\u00e4ten 19. Jahrhundert in den USA: Dort servierte man in Restaurants (\u201ePorterhouses\u201c) zum \u201ePorterbier\u201c kr\u00e4ftige, schwere und saftige Steaks. Heutzutage ist dieses St\u00fcck Fleisch auf der ganzen Welt verbreitet \u2013 unter dem Namen \u201ePorterhouse-Steak\u201c.<\/p>\n<p>&nbsp;<\/p>\n<p><strong>Das mit gehaltvollste St\u00fcck aus dem R\u00fccken<\/strong><br \/>\nDer hohe Filetanteil im Porterhouse-Steak sorgt daf\u00fcr, dass das Fleisch extra zart und saftig schmeckt. Es wird am besten medium gegart, d.h. mit einer Kerntemperatur von 56-59\u00b0C. Wichtig beim Steak zubereiten: Nach Erreichen der Kerntemperatur das Fleisch immer ein paar Minuten ruhen lassen. So wird ein Teil des Wassers wieder gebunden und man erh\u00e4lt als Ergebnis ein unglaublich saftiges und zartes Fleisch.<\/p>\n","protected":false},"excerpt":{"rendered":"<p>fein marmoriert, zart und mager, nat\u00fcrliche Ern\u00e4hrung mit Gr\u00e4sern und Kr\u00e4utern<\/p>\n","protected":false},"featured_media":4464,"comment_status":"closed","ping_status":"closed","template":"","meta":[],"product_brand":[],"product_cat":[17],"product_tag":[],"class_list":{"0":"post-4380","1":"product","2":"type-product","3":"status-publish","4":"has-post-thumbnail","6":"product_cat-rind","8":"first","9":"instock","10":"taxable","11":"shipping-taxable","12":"purchasable","13":"product-type-simple"},"_links":{"self":[{"href":"http:\/\/shop.baumhauer-partyservice.de\/index.php?rest_route=\/wp\/v2\/product\/4380","targetHints":{"allow":["GET"]}}],"collection":[{"href":"http:\/\/shop.baumhauer-partyservice.de\/index.php?rest_route=\/wp\/v2\/product"}],"about":[{"href":"http:\/\/shop.baumhauer-partyservice.de\/index.php?rest_route=\/wp\/v2\/types\/product"}],"replies":[{"embeddable":true,"href":"http:\/\/shop.baumhauer-partyservice.de\/index.php?rest_route=%2Fwp%2Fv2%2Fcomments&post=4380"}],"wp:featuredmedia":[{"embeddable":true,"href":"http:\/\/shop.baumhauer-partyservice.de\/index.php?rest_route=\/wp\/v2\/media\/4464"}],"wp:attachment":[{"href":"http:\/\/shop.baumhauer-partyservice.de\/index.php?rest_route=%2Fwp%2Fv2%2Fmedia&parent=4380"}],"wp:term":[{"taxonomy":"product_brand","embeddable":true,"href":"http:\/\/shop.baumhauer-partyservice.de\/index.php?rest_route=%2Fwp%2Fv2%2Fproduct_brand&post=4380"},{"taxonomy":"product_cat","embeddable":true,"href":"http:\/\/shop.baumhauer-partyservice.de\/index.php?rest_route=%2Fwp%2Fv2%2Fproduct_cat&post=4380"},{"taxonomy":"product_tag","embeddable":true,"href":"http:\/\/shop.baumhauer-partyservice.de\/index.php?rest_route=%2Fwp%2Fv2%2Fproduct_tag&post=4380"}],"curies":[{"name":"wp","href":"https:\/\/api.w.org\/{rel}","templated":true}]}}