{"id":4407,"date":"2020-12-13T11:36:28","date_gmt":"2020-12-13T10:36:28","guid":{"rendered":"http:\/\/shop.baumhauer-partyservice.de\/?post_type=product&#038;p=4407"},"modified":"2020-12-13T11:37:24","modified_gmt":"2020-12-13T10:37:24","slug":"lyoner","status":"publish","type":"product","link":"http:\/\/shop.baumhauer-partyservice.de\/?product=lyoner","title":{"rendered":"Lyoner"},"content":{"rendered":"<p>Genu\u00df in der Dose<\/p>\n<p>Neben frischen Fleisch- und Wurstwaren bieten wir Ihnen hausgemachte Wurst in der Dose an, die nicht nur praktisch, sondern auch richtig lecker ist. Egal, ob als kleiner Snack f\u00fcr unterwegs oder als Proviant f\u00fcr den n\u00e4chsten Urlaub \u2013 unsere Dosenwurst ist immer ein Genuss.<\/p>\n<p>Alle Wurstkonserven werden nach altbew\u00e4hrten Rezepturen mit sorgf\u00e4ltig ausgesuchten und kontrollierten Zutaten hergestellt. Die Dosen werden liebevoll bef\u00fcllt, sodass wir Ihnen eine gleichbleibend hohe Qualit\u00e4t garantieren k\u00f6nnen.<\/p>\n<p>Genie\u00dfen Sie unsere leckeren Wurstspezialit\u00e4ten zu Hause, wann immer Sie m\u00f6chten. Praktisch in der Konserve eingemacht, ist die Wurst lange haltbar und kann so problemlos auf Vorrat gekauft werden. Auch als Geschenk kommen unsere Wurstdosen prima an \u2013 \u00fcberraschen Sie Ihre Lieben doch mal mit unseren Spezialit\u00e4ten nach Hausmacher Art!<\/p>\n","protected":false},"excerpt":{"rendered":"<p>Bei +4-6\u00b0 gek\u00fchlt mind. haltbar bis 01.01.2022<\/p>\n","protected":false},"featured_media":4408,"comment_status":"closed","ping_status":"closed","template":"","meta":[],"product_brand":[],"product_cat":[20,61],"product_tag":[],"class_list":{"0":"post-4407","1":"product","2":"type-product","3":"status-publish","4":"has-post-thumbnail","6":"product_cat-dosen","7":"product_cat-wurst","9":"first","10":"instock","11":"taxable","12":"shipping-taxable","13":"purchasable","14":"product-type-simple"},"_links":{"self":[{"href":"http:\/\/shop.baumhauer-partyservice.de\/index.php?rest_route=\/wp\/v2\/product\/4407","targetHints":{"allow":["GET"]}}],"collection":[{"href":"http:\/\/shop.baumhauer-partyservice.de\/index.php?rest_route=\/wp\/v2\/product"}],"about":[{"href":"http:\/\/shop.baumhauer-partyservice.de\/index.php?rest_route=\/wp\/v2\/types\/product"}],"replies":[{"embeddable":true,"href":"http:\/\/shop.baumhauer-partyservice.de\/index.php?rest_route=%2Fwp%2Fv2%2Fcomments&post=4407"}],"wp:featuredmedia":[{"embeddable":true,"href":"http:\/\/shop.baumhauer-partyservice.de\/index.php?rest_route=\/wp\/v2\/media\/4408"}],"wp:attachment":[{"href":"http:\/\/shop.baumhauer-partyservice.de\/index.php?rest_route=%2Fwp%2Fv2%2Fmedia&parent=4407"}],"wp:term":[{"taxonomy":"product_brand","embeddable":true,"href":"http:\/\/shop.baumhauer-partyservice.de\/index.php?rest_route=%2Fwp%2Fv2%2Fproduct_brand&post=4407"},{"taxonomy":"product_cat","embeddable":true,"href":"http:\/\/shop.baumhauer-partyservice.de\/index.php?rest_route=%2Fwp%2Fv2%2Fproduct_cat&post=4407"},{"taxonomy":"product_tag","embeddable":true,"href":"http:\/\/shop.baumhauer-partyservice.de\/index.php?rest_route=%2Fwp%2Fv2%2Fproduct_tag&post=4407"}],"curies":[{"name":"wp","href":"https:\/\/api.w.org\/{rel}","templated":true}]}}