{"id":4536,"date":"2021-03-02T21:16:23","date_gmt":"2021-03-02T20:16:23","guid":{"rendered":"http:\/\/shop.baumhauer-partyservice.de\/?post_type=product&#038;p=4536"},"modified":"2021-04-10T10:28:51","modified_gmt":"2021-04-10T08:28:51","slug":"lachsschinken","status":"publish","type":"product","link":"http:\/\/shop.baumhauer-partyservice.de\/?product=lachsschinken","title":{"rendered":"Lachsschinken"},"content":{"rendered":"<p><strong>Bestens aufgestellt f\u00fcr Ihr Vesper<br \/>\n<\/strong>Neben frischen Fleisch-, Wurstwaren und Dosenwurst bieten wir Ihnen fein ger\u00e4ucherte Fleischsorten an, die jedes Vesper perfekt abrunden. Egal, ob als kleiner Snack f\u00fcr unterwegs oder als Proviant f\u00fcr den n\u00e4chsten Urlaub &#8211; unser Rauchfleisch ist ein echter Allrounder.<\/p>\n<p>Genie\u00dfen Sie unsere leckeren Wurstspezialit\u00e4ten zu Hause, wann immer Sie m\u00f6chten. Durch das R\u00e4uchern sind die Produkte lange haltbar und k\u00f6nnen so problemlos auf Vorrat gekauft werden. Auch als Geschenk kommt unser Rauchfleisch prima an \u2013 \u00fcberraschen Sie Ihre Lieben doch mal mit unseren Spezialit\u00e4ten!<\/p>\n","protected":false},"excerpt":{"rendered":"<p>Bestens aufgestellt f\u00fcr Ihr Vesper Neben frischen Fleisch-, Wurstwaren und Dosenwurst bieten wir Ihnen fein ger\u00e4ucherte Fleischsorten an, die jedes Vesper perfekt abrunden. Egal, ob als kleiner Snack f\u00fcr unterwegs oder als Proviant f\u00fcr den n\u00e4chsten Urlaub &#8211; unser Rauchfleisch ist ein echter Allrounder. Genie\u00dfen Sie unsere leckeren Wurstspezialit\u00e4ten zu Hause, wann immer Sie m\u00f6chten. [&hellip;]<\/p>\n","protected":false},"featured_media":4537,"comment_status":"closed","ping_status":"closed","template":"","meta":[],"product_brand":[],"product_cat":[19],"product_tag":[],"class_list":{"0":"post-4536","1":"product","2":"type-product","3":"status-publish","4":"has-post-thumbnail","6":"product_cat-rauchfleisch","8":"first","9":"instock","10":"taxable","11":"shipping-taxable","12":"purchasable","13":"product-type-simple"},"_links":{"self":[{"href":"http:\/\/shop.baumhauer-partyservice.de\/index.php?rest_route=\/wp\/v2\/product\/4536","targetHints":{"allow":["GET"]}}],"collection":[{"href":"http:\/\/shop.baumhauer-partyservice.de\/index.php?rest_route=\/wp\/v2\/product"}],"about":[{"href":"http:\/\/shop.baumhauer-partyservice.de\/index.php?rest_route=\/wp\/v2\/types\/product"}],"replies":[{"embeddable":true,"href":"http:\/\/shop.baumhauer-partyservice.de\/index.php?rest_route=%2Fwp%2Fv2%2Fcomments&post=4536"}],"wp:featuredmedia":[{"embeddable":true,"href":"http:\/\/shop.baumhauer-partyservice.de\/index.php?rest_route=\/wp\/v2\/media\/4537"}],"wp:attachment":[{"href":"http:\/\/shop.baumhauer-partyservice.de\/index.php?rest_route=%2Fwp%2Fv2%2Fmedia&parent=4536"}],"wp:term":[{"taxonomy":"product_brand","embeddable":true,"href":"http:\/\/shop.baumhauer-partyservice.de\/index.php?rest_route=%2Fwp%2Fv2%2Fproduct_brand&post=4536"},{"taxonomy":"product_cat","embeddable":true,"href":"http:\/\/shop.baumhauer-partyservice.de\/index.php?rest_route=%2Fwp%2Fv2%2Fproduct_cat&post=4536"},{"taxonomy":"product_tag","embeddable":true,"href":"http:\/\/shop.baumhauer-partyservice.de\/index.php?rest_route=%2Fwp%2Fv2%2Fproduct_tag&post=4536"}],"curies":[{"name":"wp","href":"https:\/\/api.w.org\/{rel}","templated":true}]}}